{"id":73,"date":"2020-12-10T21:43:49","date_gmt":"2020-12-10T20:43:49","guid":{"rendered":"http:\/\/tst.minijets.org\/?page_id=73"},"modified":"2022-11-03T15:35:04","modified_gmt":"2022-11-03T14:35:04","slug":"jet-cobra","status":"publish","type":"page","link":"https:\/\/minijets.org\/fr\/0-100\/jet-cobra\/","title":{"rendered":"J.E.T Cobra"},"content":{"rendered":"\n<div class=\"wp-block-columns is-layout-flex wp-container-core-columns-is-layout-28f84493 wp-block-columns-is-layout-flex\">\n<div class=\"wp-block-column is-layout-flow wp-block-column-is-layout-flow\" style=\"flex-basis:60%\">\n<figure class=\"wp-block-image size-large is-resized\"><img loading=\"lazy\" decoding=\"async\" src=\"http:\/\/minijets.org\/wp-content\/uploads\/2020\/12\/JET_cobra.jpg\" alt=\"J.E.T Cobra\" class=\"wp-image-54\" width=\"500\" height=\"333\" srcset=\"https:\/\/minijets.org\/wp-content\/uploads\/2020\/12\/JET_cobra.jpg 500w, https:\/\/minijets.org\/wp-content\/uploads\/2020\/12\/JET_cobra-300x200.jpg 300w, https:\/\/minijets.org\/wp-content\/uploads\/2020\/12\/JET_cobra-18x12.jpg 18w\" sizes=\"auto, (max-width: 500px) 100vw, 500px\" \/><figcaption class=\"wp-element-caption\"><em>Turbor\u00e9acteur JET Cobra<\/em><\/figcaption><\/figure>\n<\/div>\n\n\n\n<div class=\"wp-block-column is-layout-flow wp-block-column-is-layout-flow\" style=\"flex-basis:40%\">\n<p>Le turbor\u00e9acteur J.E.T Cobra a \u00e9t\u00e9 con\u00e7u par\u00a0<strong>D.James<\/strong>\u00a0et\u00a0<strong>J.Walles\u00a0<\/strong>et construit par la\u00a0<strong>James Engineering Turbines Ltd (J.E.T)<\/strong>.\u00a0 A l&#8217;origine ce n&#8217;\u00e9tait pas un moteur destin\u00e9 \u00e0 propulser un avion, mais ses performances ont \u00e9t\u00e9 si int\u00e9ressantes qu&#8217;il a \u00e9t\u00e9 choisi pour \u00e9quiper le\u00a0<strong>MC15J Cricri\u00a0<\/strong>d&#8217;Yves Duval. Il sera, par la suite, utilis\u00e9\u00a0sur de nombreux mod\u00e8les radiocommand\u00e9s.<\/p>\n\n\n\n<p>Il a cess\u00e9 d&#8217;\u00eatre produit en 2004<\/p>\n<\/div>\n<\/div>\n\n\n\n<h2 class=\"wp-block-heading\">Utilisation(s)<\/h2>\n\n\n        <div class=\"wp-block-getwid-custom-post-type custom-post-type-page has-layout-list\">\n            <div class=\"wp-block-getwid-custom-post-type__wrapper\">\n                \t\t\t\t\t\t\t\t<div class='wp-block-getwid-custom-post-type__post'>\n\t\t\t\t\t\t\t\t\t\n<div class=\"wp-block-getwid-custom-post-type__post-wrapper\">\n            <div class=\"wp-block-getwid-custom-post-type__post-thumbnail\">\n            <a href=\"https:\/\/minijets.org\/fr\/0-100\/jet-cobra\/mc15j\/\"><img loading=\"lazy\" decoding=\"async\" width=\"360\" height=\"280\" src=\"https:\/\/minijets.org\/wp-content\/uploads\/2020\/12\/Cricri-jet-Yves-Duval-01.jpg\" class=\"attachment-post-thumbnail size-post-thumbnail wp-post-image\" alt=\"\" srcset=\"https:\/\/minijets.org\/wp-content\/uploads\/2020\/12\/Cricri-jet-Yves-Duval-01.jpg 360w, https:\/\/minijets.org\/wp-content\/uploads\/2020\/12\/Cricri-jet-Yves-Duval-01-300x233.jpg 300w, https:\/\/minijets.org\/wp-content\/uploads\/2020\/12\/Cricri-jet-Yves-Duval-01-15x12.jpg 15w\" sizes=\"auto, (max-width: 360px) 100vw, 360px\" \/><\/a>\n        <\/div>\n        <div class=\"wp-block-getwid-custom-post-type__content-wrapper\">\n        <div class=\"wp-block-getwid-custom-post-type__post-header\">\n            <h3 class=\"wp-block-getwid-custom-post-type__post-title\"><a href=\"https:\/\/minijets.org\/fr\/0-100\/jet-cobra\/mc15j\/\">MC-15J &#8211; Cricri Jet<\/a><\/h3>        <\/div>\n        <div class=\"wp-block-getwid-custom-post-type__post-excerpt \"><p>Apr\u00e8s 3 ann\u00e9es d&#8217;efforts, c&#8217;est sur l&#8217;a\u00e9roport de\u00a0Rennes Saint-Jacques\u00a0(LFRN) et aux mains d&#8217;Yves DUVAL\u00a0que le\u00a0MC-15J, Cricri Jet, a fait son premier vol le\u00a0jeudi 31 juillet 1997.\u00a0 Monoplace, \u00e9quip\u00e9 \u00e0 l&#8217;origine avec 2 moteurs de 15 CV, c&#8217;est le plus petit bimoteur du monde. Il vole \u00e0 plus de 200 km\/h pour une consommation d&#8217;environ 10 [&hellip;]<\/p>\n<\/div>\n    <\/div>\n<\/div>\n\t\t\t\t\t\t\t\t<\/div>\n\t\t\t\t\t\t\t            <\/div>\n\n                    <\/div>\n        ","protected":false},"excerpt":{"rendered":"<p>Le turbor\u00e9acteur J.E.T Cobra a \u00e9t\u00e9 con\u00e7u par\u00a0D.James\u00a0et\u00a0J.Walles\u00a0et construit par la\u00a0James Engineering Turbines Ltd (J.E.T).\u00a0 A l&#8217;origine ce n&#8217;\u00e9tait pas un moteur destin\u00e9 \u00e0 propulser un avion, mais ses performances ont \u00e9t\u00e9 si int\u00e9ressantes qu&#8217;il a \u00e9t\u00e9 choisi pour \u00e9quiper le\u00a0MC15J Cricri\u00a0d&#8217;Yves Duval. Il sera, par la suite, utilis\u00e9\u00a0sur de nombreux mod\u00e8les radiocommand\u00e9s. Il a [&hellip;]<\/p>\n","protected":false},"author":1,"featured_media":67,"parent":15,"menu_order":0,"comment_status":"closed","ping_status":"closed","template":"","meta":{"_acf_changed":false,"cybocfi_hide_featured_image":"","footnotes":""},"categories":[12],"tags":[],"planes-000-100":[],"class_list":["post-73","page","type-page","status-publish","has-post-thumbnail","hentry","category-jet-engine-000-100"],"blocksy_meta":[],"acf":[],"_links":{"self":[{"href":"https:\/\/minijets.org\/fr\/wp-json\/wp\/v2\/pages\/73","targetHints":{"allow":["GET"]}}],"collection":[{"href":"https:\/\/minijets.org\/fr\/wp-json\/wp\/v2\/pages"}],"about":[{"href":"https:\/\/minijets.org\/fr\/wp-json\/wp\/v2\/types\/page"}],"author":[{"embeddable":true,"href":"https:\/\/minijets.org\/fr\/wp-json\/wp\/v2\/users\/1"}],"replies":[{"embeddable":true,"href":"https:\/\/minijets.org\/fr\/wp-json\/wp\/v2\/comments?post=73"}],"version-history":[{"count":0,"href":"https:\/\/minijets.org\/fr\/wp-json\/wp\/v2\/pages\/73\/revisions"}],"up":[{"embeddable":true,"href":"https:\/\/minijets.org\/fr\/wp-json\/wp\/v2\/pages\/15"}],"wp:featuredmedia":[{"embeddable":true,"href":"https:\/\/minijets.org\/fr\/wp-json\/wp\/v2\/media\/67"}],"wp:attachment":[{"href":"https:\/\/minijets.org\/fr\/wp-json\/wp\/v2\/media?parent=73"}],"wp:term":[{"taxonomy":"category","embeddable":true,"href":"https:\/\/minijets.org\/fr\/wp-json\/wp\/v2\/categories?post=73"},{"taxonomy":"post_tag","embeddable":true,"href":"https:\/\/minijets.org\/fr\/wp-json\/wp\/v2\/tags?post=73"},{"taxonomy":"planes-000-100","embeddable":true,"href":"https:\/\/minijets.org\/fr\/wp-json\/wp\/v2\/planes-000-100?post=73"}],"curies":[{"name":"wp","href":"https:\/\/api.w.org\/{rel}","templated":true}]}}