{"id":8,"date":"2020-12-10T16:46:21","date_gmt":"2020-12-10T15:46:21","guid":{"rendered":"http:\/\/tst.minijets.org\/?page_id=8"},"modified":"2025-01-05T11:05:10","modified_gmt":"2025-01-05T10:05:10","slug":"minijets-jetengine-microjet","status":"publish","type":"page","link":"https:\/\/minijets.org\/fr\/","title":{"rendered":"Minijets : Le site des passionn\u00e9s de l&#8217;aviation l\u00e9g\u00e8re \u00e0 r\u00e9action"},"content":{"rendered":"\n<h2 class=\"wp-block-heading\">Bienvenue sur Minijets<\/h2>\n\n\n\n<p>Minijets.org est un site d\u00e9di\u00e9 \u00e0 la documentation et \u00e0 l\u2019histoire des mini-avions \u00e0 r\u00e9action. Notre objectif principal est de partager des informations historiques, techniques, et passionnantes autour de ces appareils uniques, en mettant en lumi\u00e8re les acteurs et les innovations qui ont marqu\u00e9 cette aventure a\u00e9ronautique. Ce site est avant tout un espace de d\u00e9couverte et de transmission de savoir, et non une plateforme commerciale. Nous vous invitons \u00e0 explorer nos contenus et \u00e0 contribuer \u00e0 l\u2019enrichissement de cette documentation si vous le souhaitez.<\/p>\n\n\n\n<div class=\"wp-block-columns is-layout-flex wp-container-core-columns-is-layout-28f84493 wp-block-columns-is-layout-flex\">\n<div class=\"wp-block-column is-layout-flow wp-block-column-is-layout-flow\">\n<figure class=\"wp-block-image size-full\"><img loading=\"lazy\" decoding=\"async\" width=\"500\" height=\"333\" src=\"http:\/\/minijets.org\/wp-content\/uploads\/2021\/01\/SIPA_200_minijet_sn7-03.jpg\" alt=\"Minijets\" class=\"wp-image-2801\" srcset=\"https:\/\/minijets.org\/wp-content\/uploads\/2021\/01\/SIPA_200_minijet_sn7-03.jpg 500w, https:\/\/minijets.org\/wp-content\/uploads\/2021\/01\/SIPA_200_minijet_sn7-03-300x200.jpg 300w, https:\/\/minijets.org\/wp-content\/uploads\/2021\/01\/SIPA_200_minijet_sn7-03-18x12.jpg 18w\" sizes=\"auto, (max-width: 500px) 100vw, 500px\" \/><\/figure>\n<\/div>\n\n\n\n<div class=\"wp-block-column is-layout-flow wp-block-column-is-layout-flow\">\n<figure class=\"wp-block-image size-full\"><img loading=\"lazy\" decoding=\"async\" width=\"500\" height=\"333\" src=\"http:\/\/minijets.org\/wp-content\/uploads\/2020\/12\/Bede_BD5J-03.jpg\" alt=\"L'un des minijets les plus connu : le BD-5J\" class=\"wp-image-853\" srcset=\"https:\/\/minijets.org\/wp-content\/uploads\/2020\/12\/Bede_BD5J-03.jpg 500w, https:\/\/minijets.org\/wp-content\/uploads\/2020\/12\/Bede_BD5J-03-300x200.jpg 300w, https:\/\/minijets.org\/wp-content\/uploads\/2020\/12\/Bede_BD5J-03-18x12.jpg 18w\" sizes=\"auto, (max-width: 500px) 100vw, 500px\" \/><\/figure>\n<\/div>\n\n\n\n<div class=\"wp-block-column is-layout-flow wp-block-column-is-layout-flow\">\n<figure class=\"wp-block-image size-full\"><img loading=\"lazy\" decoding=\"async\" width=\"500\" height=\"333\" src=\"http:\/\/minijets.org\/wp-content\/uploads\/2022\/08\/Planche-contact-500.jpg\" alt=\"Minijets\" class=\"wp-image-6001\" srcset=\"https:\/\/minijets.org\/wp-content\/uploads\/2022\/08\/Planche-contact-500.jpg 500w, https:\/\/minijets.org\/wp-content\/uploads\/2022\/08\/Planche-contact-500-300x200.jpg 300w, https:\/\/minijets.org\/wp-content\/uploads\/2022\/08\/Planche-contact-500-18x12.jpg 18w\" sizes=\"auto, (max-width: 500px) 100vw, 500px\" \/><\/figure>\n<\/div>\n<\/div>\n\n\n\n<div class=\"wp-block-columns home-description is-layout-flex wp-container-core-columns-is-layout-28f84493 wp-block-columns-is-layout-flex\">\n<div class=\"wp-block-column is-layout-flow wp-block-column-is-layout-flow\">\n<div class=\"wp-block-columns home-section is-layout-flex wp-container-core-columns-is-layout-28f84493 wp-block-columns-is-layout-flex\">\n<div class=\"wp-block-column is-layout-flow wp-block-column-is-layout-flow\" style=\"flex-basis:20%\">\n<figure class=\"wp-block-image size-full is-resized\"><img loading=\"lazy\" decoding=\"async\" width=\"256\" height=\"256\" src=\"https:\/\/minijets.org\/wp-content\/uploads\/2024\/10\/minijets_genesis.webp\" alt=\"Genesis\" class=\"wp-image-9306\" style=\"object-fit:cover;width:50px;height:50px\" srcset=\"https:\/\/minijets.org\/wp-content\/uploads\/2024\/10\/minijets_genesis.webp 256w, https:\/\/minijets.org\/wp-content\/uploads\/2024\/10\/minijets_genesis-12x12.webp 12w, https:\/\/minijets.org\/wp-content\/uploads\/2024\/10\/minijets_genesis-80x80.webp 80w, https:\/\/minijets.org\/wp-content\/uploads\/2024\/10\/minijets_genesis-150x150.webp 150w\" sizes=\"auto, (max-width: 256px) 100vw, 256px\" \/><\/figure>\n<\/div>\n\n\n\n<div class=\"wp-block-column home-title is-layout-flow wp-block-column-is-layout-flow\" style=\"flex-basis:80%\">\n<h3 class=\"wp-block-heading home-title has-medium-font-size\">Gen\u00e8se du site<\/h3>\n<\/div>\n<\/div>\n\n\n\n<p>Nos recherches ont d\u00e9but\u00e9 en 1990, et en 2001, nous avons commenc\u00e9 \u00e0 partager nos d\u00e9couvertes en ligne. Le site Minijets a vu le jour en 2003. Bien que toujours en \u00e9volution, il se distingue par son ambition de devenir une r\u00e9f\u00e9rence, m\u00eame s&#8217;il n&#8217;atteindra peut-\u00eatre jamais l&#8217;exhaustivit\u00e9. Toutefois, il peut grandement s\u2019enrichir gr\u00e2ce \u00e0 vos contributions. Si vous remarquez des erreurs, des impr\u00e9cisions, ou si vous d\u00e9tenez des informations, anecdotes, ou photos pertinentes, n&#8217;h\u00e9sitez pas \u00e0 <a href=\"https:\/\/minijets.org\/contact\/\" data-type=\"page\" data-id=\"6578\">nous contacter<\/a>. Ensemble, nous pouvons rendre ce projet encore plus complet.<\/p>\n<\/div>\n\n\n\n<div class=\"wp-block-column is-layout-flow wp-block-column-is-layout-flow\">\n<div class=\"wp-block-columns home-section is-layout-flex wp-container-core-columns-is-layout-28f84493 wp-block-columns-is-layout-flex\">\n<div class=\"wp-block-column is-layout-flow wp-block-column-is-layout-flow\" style=\"flex-basis:20%\">\n<figure class=\"wp-block-image size-full is-resized\"><img loading=\"lazy\" decoding=\"async\" width=\"256\" height=\"256\" src=\"https:\/\/minijets.org\/wp-content\/uploads\/2024\/10\/minijets_passion-1.webp\" alt=\"\" class=\"wp-image-9338\" style=\"object-fit:cover;width:50px;height:50px\" srcset=\"https:\/\/minijets.org\/wp-content\/uploads\/2024\/10\/minijets_passion-1.webp 256w, https:\/\/minijets.org\/wp-content\/uploads\/2024\/10\/minijets_passion-1-12x12.webp 12w, https:\/\/minijets.org\/wp-content\/uploads\/2024\/10\/minijets_passion-1-80x80.webp 80w, https:\/\/minijets.org\/wp-content\/uploads\/2024\/10\/minijets_passion-1-150x150.webp 150w\" sizes=\"auto, (max-width: 256px) 100vw, 256px\" \/><\/figure>\n<\/div>\n\n\n\n<div class=\"wp-block-column home-title is-layout-flow wp-block-column-is-layout-flow\" style=\"flex-basis:80%\">\n<h3 class=\"wp-block-heading home-title has-medium-font-size\">Une passion<\/h3>\n<\/div>\n<\/div>\n\n\n\n<p>Lorsque la passion vous anime, elle s\u2019accompagne souvent d\u2019un d\u00e9sir profond de partage. C\u2019est exactement ce que nous ressentons pour ces mini-avions \u00e0 r\u00e9action. Apr\u00e8s un lancement prometteur en 1949, cette innovation fran\u00e7aise, port\u00e9e par les soci\u00e9t\u00e9s Fouga et Turbom\u00e9ca, s\u2019est peu \u00e0 peu effac\u00e9e face aux exigences de rentabilit\u00e9. Dans les ann\u00e9es 50, nos pr\u00e9d\u00e9cesseurs, pilotes, r\u00eavaient de &#8220;minijets&#8221; dans les a\u00e9roclubs. Aujourd\u2019hui, ces r\u00eaves se tournent davantage vers l&#8217;ULM.<\/p>\n<\/div>\n\n\n\n<div class=\"wp-block-column is-layout-flow wp-block-column-is-layout-flow\">\n<div class=\"wp-block-columns home-section is-layout-flex wp-container-core-columns-is-layout-28f84493 wp-block-columns-is-layout-flex\">\n<div class=\"wp-block-column is-layout-flow wp-block-column-is-layout-flow\" style=\"flex-basis:20%\">\n<figure class=\"wp-block-image size-full is-resized\"><img loading=\"lazy\" decoding=\"async\" width=\"256\" height=\"256\" src=\"https:\/\/minijets.org\/wp-content\/uploads\/2024\/10\/minijets_classif.webp\" alt=\"\" class=\"wp-image-9305\" style=\"object-fit:cover;width:50px;height:50px\" srcset=\"https:\/\/minijets.org\/wp-content\/uploads\/2024\/10\/minijets_classif.webp 256w, https:\/\/minijets.org\/wp-content\/uploads\/2024\/10\/minijets_classif-12x12.webp 12w, https:\/\/minijets.org\/wp-content\/uploads\/2024\/10\/minijets_classif-80x80.webp 80w, https:\/\/minijets.org\/wp-content\/uploads\/2024\/10\/minijets_classif-150x150.webp 150w\" sizes=\"auto, (max-width: 256px) 100vw, 256px\" \/><\/figure>\n<\/div>\n\n\n\n<div class=\"wp-block-column home-title is-layout-flow wp-block-column-is-layout-flow\" style=\"flex-basis:80%\">\n<h3 class=\"wp-block-heading has-medium-font-size\"> Classification<\/h3>\n<\/div>\n<\/div>\n\n\n\n<p>Si le terme <strong>Minijet<\/strong> a \u00e9t\u00e9 utilis\u00e9 pour la premi\u00e8re fois en 1950 (pour d\u00e9signer commercialement le <a href=\"https:\/\/minijets.org\/150-300\/turbomeca-palas\/sipa-200-minijet\/\" data-type=\"page\" data-id=\"3165\">SIPA 200<\/a>), notre intention lors de la cr\u00e9ation de ce site \u00e9tait de l&#8217;employer pour pr\u00e9senter des avions \u00e9quip\u00e9s de r\u00e9acteurs de faible puissance.<\/p>\n\n\n\n<p>Nous n&#8217;avions pas pour ambition de proposer une classification bas\u00e9e sur la pouss\u00e9e des moteurs. Celle que nous utilisons ici a \u00e9t\u00e9 choisie pour des raisons de simplicit\u00e9 et de pr\u00e9sentation sur le sit<\/p>\n<\/div>\n<\/div>\n","protected":false},"excerpt":{"rendered":"<p>Bienvenue sur Minijets Minijets.org est un site d\u00e9di\u00e9 \u00e0 la documentation et \u00e0 l\u2019histoire des mini-avions \u00e0 r\u00e9action. Notre objectif principal est de partager des informations historiques, techniques, et passionnantes autour de ces appareils uniques, en mettant en lumi\u00e8re les acteurs et les innovations qui ont marqu\u00e9 cette aventure a\u00e9ronautique. Ce site est avant tout [&hellip;]<\/p>\n","protected":false},"author":1,"featured_media":0,"parent":0,"menu_order":0,"comment_status":"closed","ping_status":"closed","template":"","meta":{"_acf_changed":false,"cybocfi_hide_featured_image":"","footnotes":""},"categories":[],"tags":[],"planes-000-100":[],"class_list":["post-8","page","type-page","status-publish","hentry"],"blocksy_meta":{"page_structure_type":"type-2","styles_descriptor":{"styles":{"desktop":"","tablet":"","mobile":""},"google_fonts":[],"version":6}},"acf":[],"_links":{"self":[{"href":"https:\/\/minijets.org\/fr\/wp-json\/wp\/v2\/pages\/8","targetHints":{"allow":["GET"]}}],"collection":[{"href":"https:\/\/minijets.org\/fr\/wp-json\/wp\/v2\/pages"}],"about":[{"href":"https:\/\/minijets.org\/fr\/wp-json\/wp\/v2\/types\/page"}],"author":[{"embeddable":true,"href":"https:\/\/minijets.org\/fr\/wp-json\/wp\/v2\/users\/1"}],"replies":[{"embeddable":true,"href":"https:\/\/minijets.org\/fr\/wp-json\/wp\/v2\/comments?post=8"}],"version-history":[{"count":32,"href":"https:\/\/minijets.org\/fr\/wp-json\/wp\/v2\/pages\/8\/revisions"}],"predecessor-version":[{"id":9746,"href":"https:\/\/minijets.org\/fr\/wp-json\/wp\/v2\/pages\/8\/revisions\/9746"}],"wp:attachment":[{"href":"https:\/\/minijets.org\/fr\/wp-json\/wp\/v2\/media?parent=8"}],"wp:term":[{"taxonomy":"category","embeddable":true,"href":"https:\/\/minijets.org\/fr\/wp-json\/wp\/v2\/categories?post=8"},{"taxonomy":"post_tag","embeddable":true,"href":"https:\/\/minijets.org\/fr\/wp-json\/wp\/v2\/tags?post=8"},{"taxonomy":"planes-000-100","embeddable":true,"href":"https:\/\/minijets.org\/fr\/wp-json\/wp\/v2\/planes-000-100?post=8"}],"curies":[{"name":"wp","href":"https:\/\/api.w.org\/{rel}","templated":true}]}}