{"id":942,"date":"2020-12-20T20:59:55","date_gmt":"2020-12-20T19:59:55","guid":{"rendered":"http:\/\/tst.minijets.org\/?page_id=942"},"modified":"2022-11-05T15:51:58","modified_gmt":"2022-11-05T14:51:58","slug":"baby-mamba","status":"publish","type":"page","link":"https:\/\/minijets.org\/fr\/0-100\/baby-mamba\/","title":{"rendered":"TJD 76C Baby Mamba"},"content":{"rendered":"\n<div class=\"wp-block-columns is-layout-flex wp-container-core-columns-is-layout-28f84493 wp-block-columns-is-layout-flex\">\n<div class=\"wp-block-column is-layout-flow wp-block-column-is-layout-flow\" style=\"flex-basis:50%\">\n<figure class=\"wp-block-image size-large\"><img loading=\"lazy\" decoding=\"async\" width=\"491\" height=\"585\" src=\"http:\/\/minijets.org\/wp-content\/uploads\/2020\/12\/Max_Dreher.jpg\" alt=\"Max Dreher\" class=\"wp-image-44\" srcset=\"https:\/\/minijets.org\/wp-content\/uploads\/2020\/12\/Max_Dreher.jpg 491w, https:\/\/minijets.org\/wp-content\/uploads\/2020\/12\/Max_Dreher-252x300.jpg 252w, https:\/\/minijets.org\/wp-content\/uploads\/2020\/12\/Max_Dreher-10x12.jpg 10w\" sizes=\"auto, (max-width: 491px) 100vw, 491px\" \/><figcaption class=\"wp-element-caption\">Max Dreher<\/figcaption><\/figure>\n<\/div>\n\n\n\n<div class=\"wp-block-column is-layout-flow wp-block-column-is-layout-flow\" style=\"flex-basis:50%\">\n<p>En\u00a01963,\u00a0Max Dreher\u00a0a commenc\u00e9 la conception du turbor\u00e9acteur\u00a0TJD 76C Baby Mamba.<\/p>\n\n\n\n<p>Con\u00e7u pour propulser un planeur, il avait une pouss\u00e9e statique de 55 lbs. L&#8217;objectif \u00e9tait de faire un moteur simple et aussi l\u00e9ger que possible.\u00a0Aucune r\u00e9ducteur n&#8217;a \u00e9t\u00e9 utilis\u00e9, juste un rotor libre en rotation. Le compresseur \u00e9tait \u00e0 \u00e9coulement mixte \u00e0 un seul \u00e9tage, la chambre de combustion \u00e9tait annulaire et la turbine axiale \u00e0 un seul \u00e9tage.<\/p>\n\n\n\n<p>L&#8217;\u00e9tude et la r\u00e9alisation ont pris environ 3600 heures.&nbsp;Puis le Baby Mamba a enregistr\u00e9 plusieurs essais de d\u00e9marrage, et de nombreuses heures sur banc d&#8217;essai et en vol.<\/p>\n<\/div>\n<\/div>\n\n\n\n<div class=\"wp-block-columns is-layout-flex wp-container-core-columns-is-layout-28f84493 wp-block-columns-is-layout-flex\">\n<div class=\"wp-block-column is-layout-flow wp-block-column-is-layout-flow\" style=\"flex-basis:50%\">\n<figure class=\"wp-block-image size-large\"><img loading=\"lazy\" decoding=\"async\" width=\"301\" height=\"387\" src=\"http:\/\/minijets.org\/wp-content\/uploads\/2020\/12\/Dreher_TJ76_-_Baby_Mamba_-_01.jpg\" alt=\"TJD 76C Baby Mamba\" class=\"wp-image-42\" srcset=\"https:\/\/minijets.org\/wp-content\/uploads\/2020\/12\/Dreher_TJ76_-_Baby_Mamba_-_01.jpg 301w, https:\/\/minijets.org\/wp-content\/uploads\/2020\/12\/Dreher_TJ76_-_Baby_Mamba_-_01-233x300.jpg 233w, https:\/\/minijets.org\/wp-content\/uploads\/2020\/12\/Dreher_TJ76_-_Baby_Mamba_-_01-9x12.jpg 9w\" sizes=\"auto, (max-width: 301px) 100vw, 301px\" \/><\/figure>\n\n\n\n<figure class=\"wp-block-image size-large\"><img loading=\"lazy\" decoding=\"async\" width=\"1024\" height=\"691\" src=\"http:\/\/minijets.org\/wp-content\/uploads\/2020\/12\/Dreher_TJ76_-_Baby_Mamba_-_06-1024x691.jpg\" alt=\"TJD 76C Baby Mamba\" class=\"wp-image-32\" srcset=\"https:\/\/minijets.org\/wp-content\/uploads\/2020\/12\/Dreher_TJ76_-_Baby_Mamba_-_06-1024x691.jpg 1024w, https:\/\/minijets.org\/wp-content\/uploads\/2020\/12\/Dreher_TJ76_-_Baby_Mamba_-_06-300x203.jpg 300w, https:\/\/minijets.org\/wp-content\/uploads\/2020\/12\/Dreher_TJ76_-_Baby_Mamba_-_06-768x518.jpg 768w, https:\/\/minijets.org\/wp-content\/uploads\/2020\/12\/Dreher_TJ76_-_Baby_Mamba_-_06-18x12.jpg 18w, https:\/\/minijets.org\/wp-content\/uploads\/2020\/12\/Dreher_TJ76_-_Baby_Mamba_-_06.jpg 1428w\" sizes=\"auto, (max-width: 1024px) 100vw, 1024px\" \/><\/figure>\n<\/div>\n\n\n\n<div class=\"wp-block-column minijets_table is-layout-flow wp-block-column-is-layout-flow\" style=\"flex-basis:50%\">\n<figure class=\"wp-block-image size-large\"><img decoding=\"async\" src=\"http:\/\/minijets.org\/wp-content\/uploads\/2020\/12\/Dreher_TJ76_-_Baby_Mamba_-_05-1024x713.jpg\" alt=\"TJD 76C Baby Mamba\" class=\"wp-image-43\"\/><figcaption class=\"wp-element-caption\">R\u00e9acteur T.J.D 76C &#8221; Baby Mamba Jet&#8221;<\/figcaption><\/figure>\n\n\n\n<figure class=\"wp-block-image size-large\"><img loading=\"lazy\" decoding=\"async\" width=\"1024\" height=\"663\" src=\"http:\/\/minijets.org\/wp-content\/uploads\/2020\/12\/Dreher_TJ76_-_Baby_Mamba_-_07-1024x663.jpg\" alt=\"\" class=\"wp-image-46\" srcset=\"https:\/\/minijets.org\/wp-content\/uploads\/2020\/12\/Dreher_TJ76_-_Baby_Mamba_-_07-1024x663.jpg 1024w, https:\/\/minijets.org\/wp-content\/uploads\/2020\/12\/Dreher_TJ76_-_Baby_Mamba_-_07-300x194.jpg 300w, https:\/\/minijets.org\/wp-content\/uploads\/2020\/12\/Dreher_TJ76_-_Baby_Mamba_-_07-768x497.jpg 768w, https:\/\/minijets.org\/wp-content\/uploads\/2020\/12\/Dreher_TJ76_-_Baby_Mamba_-_07-18x12.jpg 18w, https:\/\/minijets.org\/wp-content\/uploads\/2020\/12\/Dreher_TJ76_-_Baby_Mamba_-_07.jpg 1034w\" sizes=\"auto, (max-width: 1024px) 100vw, 1024px\" \/><figcaption class=\"wp-element-caption\">The compressor and turbine rotor assembly. Source : sport aviation, 10.1969<\/figcaption><\/figure>\n<\/div>\n<\/div>\n\n\n\n<div class=\"wp-block-columns is-layout-flex wp-container-core-columns-is-layout-28f84493 wp-block-columns-is-layout-flex\">\n<div class=\"wp-block-column is-layout-flow wp-block-column-is-layout-flow\">\n<h4 class=\"wp-block-heading\">Air intake<\/h4>\n\n\n\n<p>At front. Air flow 0.50 kg (1.1 lb)\/sec.<\/p>\n\n\n\n<h4 class=\"wp-block-heading\">Compressor<\/h4>\n\n\n\n<p>Single-stage mixed-flow. Single 17-4 PH stainless steel impeller with sixteen vanes. Splined to shaft and supported in two ball bearings. Mixed-flow two-stage diffuser of 347 stainless steel. Pressure ratio : 2.8 : 1<\/p>\n\n\n\n<h4 class=\"wp-block-heading\">Compressor casing<\/h4>\n\n\n\n<p>Of 2024 aluminium alloy and 347 stainless steel.<\/p>\n\n\n\n<h4 class=\"wp-block-heading\">Combustion chamber<\/h4>\n\n\n\n<p>Annular type with Hastelloy X outer casing and flame tube. Vaporising system with fuel\/air pre-mix. One spark plug in flame tube.Fuel system: Manual with pressurised fuel supply, or electrically-driven fuel pump. Fuel pressure 5.52 bars(80 lb\/sq in). Automatic system for drone applications. Fuel grade: Kerosene or petrol.<\/p>\n\n\n\n<h4 class=\"wp-block-heading\">Nozzle guide vanes<\/h4>\n\n\n\n<p>Single axial stage, with sixteen investment-cast vanes in Stellite 31.Turbine: Single-stage axial-flow, with nineteen integrally-cast blades, of Inconel 713 LC. Gas temperature 770\u00b0C before turbine, 675\u00b0C after turbine, at continuous cruising power.<\/p>\n\n\n\n<h4 class=\"wp-block-heading\">Jet pipe<\/h4>\n\n\n\n<p>Fixed type, with jet pipe and cone of Hastelloy X. LUBRICATION: Air\/oil mist system with total loss, using bleed air equivalent to 2.5 per cent of total mass flow.Capacity 1 litre (2 US pints).<\/p>\n\n\n\n<h4 class=\"wp-block-heading\">Oil grade<\/h4>\n\n\n\n<p>MIL-L-7808E (Turbo 15).<\/p>\n\n\n\n<h4 class=\"wp-block-heading\">Mounting<\/h4>\n\n\n\n<p>Two rigid connections on diffuser section and one flexible connection on turbine section.<\/p>\n\n\n\n<h4 class=\"wp-block-heading\">Starting<\/h4>\n\n\n\n<p>Compressed air 1034 bars (150 lb\/sq in), via three nozzles driving turbine wheel.<\/p>\n<\/div>\n\n\n\n<div class=\"wp-block-column is-layout-flow wp-block-column-is-layout-flow\">\n<figure class=\"wp-block-image size-large\"><img loading=\"lazy\" decoding=\"async\" width=\"500\" height=\"684\" src=\"http:\/\/minijets.org\/wp-content\/uploads\/2020\/12\/Dreher_TJ76_-_Baby_Mamba_-_02.jpg\" alt=\"TJD 76C Baby Mamba\" class=\"wp-image-40\" srcset=\"https:\/\/minijets.org\/wp-content\/uploads\/2020\/12\/Dreher_TJ76_-_Baby_Mamba_-_02.jpg 500w, https:\/\/minijets.org\/wp-content\/uploads\/2020\/12\/Dreher_TJ76_-_Baby_Mamba_-_02-219x300.jpg 219w, https:\/\/minijets.org\/wp-content\/uploads\/2020\/12\/Dreher_TJ76_-_Baby_Mamba_-_02-9x12.jpg 9w\" sizes=\"auto, (max-width: 500px) 100vw, 500px\" \/><\/figure>\n<\/div>\n<\/div>\n\n\n\n<h2 class=\"wp-block-heading\">Application<\/h2>\n\n\n        <div class=\"wp-block-getwid-custom-post-type custom-post-type-page has-layout-list\">\n            <div class=\"wp-block-getwid-custom-post-type__wrapper\">\n                \t\t\t\t\t\t\t\t<div class='wp-block-getwid-custom-post-type__post'>\n\t\t\t\t\t\t\t\t\t\n<div class=\"wp-block-getwid-custom-post-type__post-wrapper\">\n            <div class=\"wp-block-getwid-custom-post-type__post-thumbnail\">\n            <a href=\"https:\/\/minijets.org\/fr\/0-100\/baby-mamba\/prue-215a-panther\/\"><img loading=\"lazy\" decoding=\"async\" width=\"500\" height=\"340\" src=\"https:\/\/minijets.org\/wp-content\/uploads\/2020\/12\/Prue_P215_-_baby_mamba_-_dreher_-_06.jpg\" class=\"attachment-post-thumbnail size-post-thumbnail wp-post-image\" alt=\"\" srcset=\"https:\/\/minijets.org\/wp-content\/uploads\/2020\/12\/Prue_P215_-_baby_mamba_-_dreher_-_06.jpg 500w, https:\/\/minijets.org\/wp-content\/uploads\/2020\/12\/Prue_P215_-_baby_mamba_-_dreher_-_06-300x204.jpg 300w, https:\/\/minijets.org\/wp-content\/uploads\/2020\/12\/Prue_P215_-_baby_mamba_-_dreher_-_06-18x12.jpg 18w\" sizes=\"auto, (max-width: 500px) 100vw, 500px\" \/><\/a>\n        <\/div>\n        <div class=\"wp-block-getwid-custom-post-type__content-wrapper\">\n        <div class=\"wp-block-getwid-custom-post-type__post-header\">\n            <h3 class=\"wp-block-getwid-custom-post-type__post-title\"><a href=\"https:\/\/minijets.org\/fr\/0-100\/baby-mamba\/prue-215a-panther\/\">Prue 215A Mamba Jet<\/a><\/h3>        <\/div>\n        <div class=\"wp-block-getwid-custom-post-type__post-excerpt \"><p>Mr Max Dreher, un ing\u00e9nieur en a\u00e9ronautique, a \u00e9tudi\u00e9 et construit toute une s\u00e9rie de petits turbor\u00e9acteur entre 1952 et 1976. Il a mont\u00e9 l&#8217;un d&#8217;entre eux, plus connu sous l&#8217;appellation TJD-76 Baby Mamba, sur le dos du fuselage de son planeur Prue 215A Mamba Jet. Three Prue 215s were built, all as amateur-builts from [&hellip;]<\/p>\n<\/div>\n    <\/div>\n<\/div>\n\t\t\t\t\t\t\t\t<\/div>\n\t\t\t\t\t\t\t            <\/div>\n\n                    <\/div>\n        \n\n\n<div class=\"wp-block-getwid-anchor\" id=\"#dreher\"><\/div>\n\n\n\n<h2 class=\"wp-block-heading\">Notes et r\u00e9f\u00e9rences<\/h2>\n","protected":false},"excerpt":{"rendered":"<p>En\u00a01963,\u00a0Max Dreher\u00a0a commenc\u00e9 la conception du turbor\u00e9acteur\u00a0TJD 76C Baby Mamba. Con\u00e7u pour propulser un planeur, il avait une pouss\u00e9e statique de 55 lbs. L&#8217;objectif \u00e9tait de faire un moteur simple et aussi l\u00e9ger que possible.\u00a0Aucune r\u00e9ducteur n&#8217;a \u00e9t\u00e9 utilis\u00e9, juste un rotor libre en rotation. Le compresseur \u00e9tait \u00e0 \u00e9coulement mixte \u00e0 un seul \u00e9tage, [&hellip;]<\/p>\n","protected":false},"author":1,"featured_media":43,"parent":15,"menu_order":0,"comment_status":"closed","ping_status":"closed","template":"","meta":{"_acf_changed":false,"cybocfi_hide_featured_image":"","footnotes":""},"categories":[12],"tags":[],"planes-000-100":[],"class_list":["post-942","page","type-page","status-publish","has-post-thumbnail","hentry","category-jet-engine-000-100"],"blocksy_meta":[],"acf":[],"_links":{"self":[{"href":"https:\/\/minijets.org\/fr\/wp-json\/wp\/v2\/pages\/942","targetHints":{"allow":["GET"]}}],"collection":[{"href":"https:\/\/minijets.org\/fr\/wp-json\/wp\/v2\/pages"}],"about":[{"href":"https:\/\/minijets.org\/fr\/wp-json\/wp\/v2\/types\/page"}],"author":[{"embeddable":true,"href":"https:\/\/minijets.org\/fr\/wp-json\/wp\/v2\/users\/1"}],"replies":[{"embeddable":true,"href":"https:\/\/minijets.org\/fr\/wp-json\/wp\/v2\/comments?post=942"}],"version-history":[{"count":0,"href":"https:\/\/minijets.org\/fr\/wp-json\/wp\/v2\/pages\/942\/revisions"}],"up":[{"embeddable":true,"href":"https:\/\/minijets.org\/fr\/wp-json\/wp\/v2\/pages\/15"}],"wp:featuredmedia":[{"embeddable":true,"href":"https:\/\/minijets.org\/fr\/wp-json\/wp\/v2\/media\/43"}],"wp:attachment":[{"href":"https:\/\/minijets.org\/fr\/wp-json\/wp\/v2\/media?parent=942"}],"wp:term":[{"taxonomy":"category","embeddable":true,"href":"https:\/\/minijets.org\/fr\/wp-json\/wp\/v2\/categories?post=942"},{"taxonomy":"post_tag","embeddable":true,"href":"https:\/\/minijets.org\/fr\/wp-json\/wp\/v2\/tags?post=942"},{"taxonomy":"planes-000-100","embeddable":true,"href":"https:\/\/minijets.org\/fr\/wp-json\/wp\/v2\/planes-000-100?post=942"}],"curies":[{"name":"wp","href":"https:\/\/api.w.org\/{rel}","templated":true}]}}