{"id":961,"date":"2020-12-20T21:20:57","date_gmt":"2020-12-20T20:20:57","guid":{"rendered":"http:\/\/tst.minijets.org\/?page_id=961"},"modified":"2022-11-16T18:34:19","modified_gmt":"2022-11-16T17:34:19","slug":"tbs-400n-j40p","status":"publish","type":"page","link":"https:\/\/minijets.org\/fr\/0-100\/tbs-400n-j40p\/","title":{"rendered":"TBS 400N-J40P"},"content":{"rendered":"\n<div class=\"wp-block-columns is-layout-flex wp-container-core-columns-is-layout-28f84493 wp-block-columns-is-layout-flex\">\n<div class=\"wp-block-column is-layout-flow wp-block-column-is-layout-flow\" style=\"flex-basis:50%\">\n<figure class=\"wp-block-image size-large\"><img loading=\"lazy\" decoding=\"async\" width=\"500\" height=\"344\" src=\"http:\/\/minijets.org\/wp-content\/uploads\/2020\/12\/TBS_400N-J40P_-_01.jpg\" alt=\"TBS 400N-J40P\" class=\"wp-image-962\" srcset=\"https:\/\/minijets.org\/wp-content\/uploads\/2020\/12\/TBS_400N-J40P_-_01.jpg 500w, https:\/\/minijets.org\/wp-content\/uploads\/2020\/12\/TBS_400N-J40P_-_01-300x206.jpg 300w, https:\/\/minijets.org\/wp-content\/uploads\/2020\/12\/TBS_400N-J40P_-_01-18x12.jpg 18w\" sizes=\"auto, (max-width: 500px) 100vw, 500px\" \/><\/figure>\n\n\n\n<figure class=\"wp-block-image size-large\"><img loading=\"lazy\" decoding=\"async\" width=\"500\" height=\"340\" src=\"http:\/\/minijets.org\/wp-content\/uploads\/2020\/12\/TBS_400N-J40P_-_02.jpg\" alt=\"TBS 400N-J40P\" class=\"wp-image-966\" srcset=\"https:\/\/minijets.org\/wp-content\/uploads\/2020\/12\/TBS_400N-J40P_-_02.jpg 500w, https:\/\/minijets.org\/wp-content\/uploads\/2020\/12\/TBS_400N-J40P_-_02-300x204.jpg 300w, https:\/\/minijets.org\/wp-content\/uploads\/2020\/12\/TBS_400N-J40P_-_02-18x12.jpg 18w\" sizes=\"auto, (max-width: 500px) 100vw, 500px\" \/><\/figure>\n<\/div>\n\n\n\n<div class=\"wp-block-column is-layout-flow wp-block-column-is-layout-flow\" style=\"flex-basis:50%\">\n<p>Le turbor\u00e9acteur TBS 400N-J40P a \u00e9t\u00e9 d\u00e9velopp\u00e9 par\u00a0TBS Schwabhausen GmbH \u00e0 Oberroth\u00a0(\u00e9quipe constitu\u00e9e d&#8217;anciens ing\u00e9nieurs MTU) pour le fabricant de planeurs\u00a0<a href=\"https:\/\/hph.cz\/products\/hph-304s-shark\/\" data-type=\"URL\" data-id=\"https:\/\/hph.cz\/products\/hph-304s-shark\/\" target=\"_blank\" rel=\"noopener\">HpH\u00a0 sailplanes<\/a>. <\/p>\n\n\n\n<p>Il aurait pour origine un moteur de groupe \u00e9lectrog\u00e8ne militaire \u00e9prouv\u00e9. Sa taille, son poids, sa pouss\u00e9e et sa consommation de carburant ont \u00e9t\u00e9 sp\u00e9cialement con\u00e7us pour une utilisation sur&nbsp;planeur.<\/p>\n<\/div>\n<\/div>\n\n\n\n<h2 class=\"wp-block-heading\">Application<\/h2>\n\n\n        <div class=\"wp-block-getwid-custom-post-type custom-post-type-page has-layout-list\">\n            <div class=\"wp-block-getwid-custom-post-type__wrapper\">\n                \t\t\t\t\t\t\t\t<div class='wp-block-getwid-custom-post-type__post'>\n\t\t\t\t\t\t\t\t\t\n<div class=\"wp-block-getwid-custom-post-type__post-wrapper\">\n            <div class=\"wp-block-getwid-custom-post-type__post-thumbnail\">\n            <a href=\"https:\/\/minijets.org\/fr\/0-100\/tbs-400n-j40p\/hph-304-shark-s-jet\/\"><img loading=\"lazy\" decoding=\"async\" width=\"500\" height=\"375\" src=\"https:\/\/minijets.org\/wp-content\/uploads\/2020\/12\/HpH_304_-_S_Jet_-_01.jpg\" class=\"attachment-post-thumbnail size-post-thumbnail wp-post-image\" alt=\"\" srcset=\"https:\/\/minijets.org\/wp-content\/uploads\/2020\/12\/HpH_304_-_S_Jet_-_01.jpg 500w, https:\/\/minijets.org\/wp-content\/uploads\/2020\/12\/HpH_304_-_S_Jet_-_01-300x225.jpg 300w, https:\/\/minijets.org\/wp-content\/uploads\/2020\/12\/HpH_304_-_S_Jet_-_01-16x12.jpg 16w\" sizes=\"auto, (max-width: 500px) 100vw, 500px\" \/><\/a>\n        <\/div>\n        <div class=\"wp-block-getwid-custom-post-type__content-wrapper\">\n        <div class=\"wp-block-getwid-custom-post-type__post-header\">\n            <h3 class=\"wp-block-getwid-custom-post-type__post-title\"><a href=\"https:\/\/minijets.org\/fr\/0-100\/tbs-400n-j40p\/hph-304-shark-s-jet\/\">HPH 304S Shark jet turbine<\/a><\/h3>        <\/div>\n        <div class=\"wp-block-getwid-custom-post-type__post-excerpt \"><p>Le HPH 304S Shark Jet turbine&nbsp;est un motoplaneur produit par la soci\u00e9t\u00e9 tch\u00e8que HPH et \u00e9quip\u00e9 avec le r\u00e9acteur TBS 400N-J40P. &nbsp;M. Ludek Kluger lui a fait faire son premier vol fin&nbsp;2008 Le HPH 304S Shark Jet turbine&nbsp;est issu du HPH 304 qui a vol\u00e9 pour la premi\u00e8re fois en 2006.&nbsp;Il a lui-m\u00eame pour origine [&hellip;]<\/p>\n<\/div>\n    <\/div>\n<\/div>\n\t\t\t\t\t\t\t\t<\/div>\n\t\t\t\t\t\t\t            <\/div>\n\n                    <\/div>\n        ","protected":false},"excerpt":{"rendered":"<p>Le turbor\u00e9acteur TBS 400N-J40P a \u00e9t\u00e9 d\u00e9velopp\u00e9 par\u00a0TBS Schwabhausen GmbH \u00e0 Oberroth\u00a0(\u00e9quipe constitu\u00e9e d&#8217;anciens ing\u00e9nieurs MTU) pour le fabricant de planeurs\u00a0HpH\u00a0 sailplanes. Il aurait pour origine un moteur de groupe \u00e9lectrog\u00e8ne militaire \u00e9prouv\u00e9. Sa taille, son poids, sa pouss\u00e9e et sa consommation de carburant ont \u00e9t\u00e9 sp\u00e9cialement con\u00e7us pour une utilisation sur&nbsp;planeur. Application<\/p>\n","protected":false},"author":1,"featured_media":962,"parent":15,"menu_order":0,"comment_status":"closed","ping_status":"closed","template":"","meta":{"_acf_changed":false,"cybocfi_hide_featured_image":"","footnotes":""},"categories":[12],"tags":[],"planes-000-100":[],"class_list":["post-961","page","type-page","status-publish","has-post-thumbnail","hentry","category-jet-engine-000-100"],"blocksy_meta":[],"acf":[],"_links":{"self":[{"href":"https:\/\/minijets.org\/fr\/wp-json\/wp\/v2\/pages\/961","targetHints":{"allow":["GET"]}}],"collection":[{"href":"https:\/\/minijets.org\/fr\/wp-json\/wp\/v2\/pages"}],"about":[{"href":"https:\/\/minijets.org\/fr\/wp-json\/wp\/v2\/types\/page"}],"author":[{"embeddable":true,"href":"https:\/\/minijets.org\/fr\/wp-json\/wp\/v2\/users\/1"}],"replies":[{"embeddable":true,"href":"https:\/\/minijets.org\/fr\/wp-json\/wp\/v2\/comments?post=961"}],"version-history":[{"count":0,"href":"https:\/\/minijets.org\/fr\/wp-json\/wp\/v2\/pages\/961\/revisions"}],"up":[{"embeddable":true,"href":"https:\/\/minijets.org\/fr\/wp-json\/wp\/v2\/pages\/15"}],"wp:featuredmedia":[{"embeddable":true,"href":"https:\/\/minijets.org\/fr\/wp-json\/wp\/v2\/media\/962"}],"wp:attachment":[{"href":"https:\/\/minijets.org\/fr\/wp-json\/wp\/v2\/media?parent=961"}],"wp:term":[{"taxonomy":"category","embeddable":true,"href":"https:\/\/minijets.org\/fr\/wp-json\/wp\/v2\/categories?post=961"},{"taxonomy":"post_tag","embeddable":true,"href":"https:\/\/minijets.org\/fr\/wp-json\/wp\/v2\/tags?post=961"},{"taxonomy":"planes-000-100","embeddable":true,"href":"https:\/\/minijets.org\/fr\/wp-json\/wp\/v2\/planes-000-100?post=961"}],"curies":[{"name":"wp","href":"https:\/\/api.w.org\/{rel}","templated":true}]}}